{"id":1734,"date":"2025-07-09T18:19:51","date_gmt":"2025-07-09T18:19:51","guid":{"rendered":"https:\/\/autostar.es\/?page_id=1734"},"modified":"2025-07-18T01:06:56","modified_gmt":"2025-07-18T01:06:56","slug":"renovacion-y-reparacion-de-piezas-de-plastico-interiores-y-ruedas","status":"publish","type":"page","link":"https:\/\/autostar.es\/?page_id=1734","title":{"rendered":"Renovaci\u00f3n y reparaci\u00f3n de piezas de pl\u00e1stico, interiores y ruedas"},"content":{"rendered":"\t\t<div data-elementor-type=\"wp-page\" data-elementor-id=\"1734\" class=\"elementor elementor-1734\" data-elementor-post-type=\"page\">\n\t\t\t\t<div class=\"elementor-element elementor-element-150e6f5 e-flex e-con-boxed wpr-particle-no wpr-jarallax-no wpr-parallax-no wpr-sticky-section-no e-con e-parent\" data-id=\"150e6f5\" data-element_type=\"container\" data-e-type=\"container\">\n\t\t\t\t\t<div class=\"e-con-inner\">\n\t\t\t\t\t<\/div>\n\t\t\t\t<\/div>\n\t\t\t\t<section class=\"elementor-section elementor-top-section elementor-element elementor-element-4610a48 elementor-section-full_width elementor-section-height-default elementor-section-height-default wpr-particle-no wpr-jarallax-no wpr-parallax-no wpr-sticky-section-no\" data-id=\"4610a48\" data-element_type=\"section\" data-e-type=\"section\">\n\t\t\t\t\t\t<div class=\"elementor-container elementor-column-gap-no\">\n\t\t\t\t\t<div class=\"elementor-column elementor-col-100 elementor-top-column elementor-element elementor-element-b09a836\" data-id=\"b09a836\" data-element_type=\"column\" data-e-type=\"column\">\n\t\t\t<div class=\"elementor-widget-wrap elementor-element-populated\">\n\t\t\t\t\t\t<div class=\"elementor-element elementor-element-856620e elementor-widget elementor-widget-autixir_about_section\" data-id=\"856620e\" data-element_type=\"widget\" data-e-type=\"widget\" data-widget_type=\"autixir_about_section.default\">\n\t\t\t\t<div class=\"elementor-widget-container\">\n\t\t\t\t\t          <div class=\"ltn__about-us-area pb-115\">\r\n        <div class=\"container\">\r\n            <div class=\"row\">\r\n                <div class=\"col-lg-5 align-self-center\">\r\n                    <div class=\"about-us-img-wrap ltn__img-shape-left  about-img-left\">\r\n                      <img fetchpriority=\"high\" decoding=\"async\" width=\"800\" height=\"1031\" src=\"https:\/\/autostar.es\/wp-content\/uploads\/2021\/10\/11.jpg\" class=\"attachment-full size-full\" alt=\"\" srcset=\"https:\/\/autostar.es\/wp-content\/uploads\/2021\/10\/11.jpg 800w, https:\/\/autostar.es\/wp-content\/uploads\/2021\/10\/11-233x300.jpg 233w, https:\/\/autostar.es\/wp-content\/uploads\/2021\/10\/11-795x1024.jpg 795w, https:\/\/autostar.es\/wp-content\/uploads\/2021\/10\/11-768x990.jpg 768w\" sizes=\"(max-width: 800px) 100vw, 800px\" \/>                    <\/div>\r\n                <\/div>\r\n                <div class=\"col-lg-7 align-self-center\">\r\n                    <div class=\"about-us-info-wrap\">\r\n                        <div class=\"section-title-area ltn__section-title-2\">\r\n                            <h6 class=\"section-subtitle ltn__secondary-color\">\/\/ As\u00ed trabajamos Paso a Paso<\/h6>\r\n                            <h1 class=\"section-title\">Renovaci\u00f3n de Pl\u00e1sticos, Interiores y Ruedas: El Detalle que Marca la Diferencia<span>.<\/span><\/h1>\r\n                            <p><\/p>\r\n                        <\/div>\r\n                        <div class=\"about-us-info-wrap-inner about-us-info-devide\">\r\n                            <p>En AutoStar, sabemos que los peque\u00f1os detalles hacen una gran diferencia. Nuestro servicio de renovaci\u00f3n y reparaci\u00f3n de piezas de pl\u00e1stico, interiores y ruedas se enfoca en restaurar esos elementos que, con el tiempo, pueden desgastarse o perder su color, devolviendo a tu veh\u00edculo un aspecto completo y armonioso.<\/p>\r\n                            <div class=\"list-item-with-icon\">\r\n                                <ul>\r\n                                <li><a \n\">Renovaci\u00f3n y tratamiento de interiores<\/a><\/li>\n<li><a \">Cambio de ruedas<\/a><\/li>\n<\/li>\n                                <\/ul>\r\n                            <\/div>\r\n                        <\/div>\r\n                    <\/div>\r\n                <\/div>\r\n            <\/div>\r\n        <\/div>\r\n    <\/div>\r\n      \t\t\t\t<\/div>\n\t\t\t\t<\/div>\n\t\t\t\t\t<\/div>\n\t\t<\/div>\n\t\t\t\t\t<\/div>\n\t\t<\/section>\n\t\t<div class=\"elementor-element elementor-element-2b8ce82 e-flex e-con-boxed wpr-particle-no wpr-jarallax-no wpr-parallax-no wpr-sticky-section-no e-con e-parent\" data-id=\"2b8ce82\" data-element_type=\"container\" data-e-type=\"container\">\n\t\t\t\t\t<div class=\"e-con-inner\">\n\t\t<div class=\"elementor-element elementor-element-d9fd141 e-con-full e-flex wpr-particle-no wpr-jarallax-no wpr-parallax-no wpr-sticky-section-no e-con e-child\" data-id=\"d9fd141\" data-element_type=\"container\" data-e-type=\"container\">\n\t\t\t\t<div class=\"elementor-element elementor-element-fab4d41 elementor-widget elementor-widget-heading\" data-id=\"fab4d41\" data-element_type=\"widget\" data-e-type=\"widget\" data-widget_type=\"heading.default\">\n\t\t\t\t<div class=\"elementor-widget-container\">\n\t\t\t\t\t<h1 class=\"elementor-heading-title elementor-size-default\">Listado de Servicios<span style=\"color: #E53E29\">.<\/span><\/h1>\t\t\t\t<\/div>\n\t\t\t\t<\/div>\n\t\t\t\t<\/div>\n\t\t\t\t\t<\/div>\n\t\t\t\t<\/div>\n\t\t<div class=\"elementor-element elementor-element-5711022 e-flex e-con-boxed wpr-particle-no wpr-jarallax-no wpr-parallax-no wpr-sticky-section-no e-con e-parent\" data-id=\"5711022\" data-element_type=\"container\" data-e-type=\"container\">\n\t\t\t\t\t<div class=\"e-con-inner\">\n\t\t<div class=\"elementor-element elementor-element-7e74a72 e-con-full e-flex wpr-particle-no wpr-jarallax-no wpr-parallax-no wpr-sticky-section-no e-con e-child\" data-id=\"7e74a72\" data-element_type=\"container\" data-e-type=\"container\">\n\t\t\t\t<div class=\"elementor-element elementor-element-fa5929a elementor-cta--skin-classic elementor-animated-content elementor-bg-transform elementor-bg-transform-zoom-in elementor-widget elementor-widget-call-to-action\" data-id=\"fa5929a\" data-element_type=\"widget\" data-e-type=\"widget\" data-widget_type=\"call-to-action.default\">\n\t\t\t\t<div class=\"elementor-widget-container\">\n\t\t\t\t\t\t\t<div class=\"elementor-cta\">\n\t\t\t\t\t<div class=\"elementor-cta__bg-wrapper\">\n\t\t\t\t<div class=\"elementor-cta__bg elementor-bg\" style=\"background-image: url(https:\/\/autostar.es\/wp-content\/uploads\/2025\/07\/dl.beatsnoop.com-final-VM81i2lQ7e-1024x653.jpg);\" role=\"img\" aria-label=\"dl.beatsnoop.com-final-VM81i2lQ7e\"><\/div>\n\t\t\t\t<div class=\"elementor-cta__bg-overlay\"><\/div>\n\t\t\t<\/div>\n\t\t\t\t\t\t\t<div class=\"elementor-cta__content\">\n\t\t\t\t\n\t\t\t\t\t\t\t\t\t<h2 class=\"elementor-cta__title elementor-cta__content-item elementor-content-item\">\n\t\t\t\t\t\tRenovaci\u00f3n y tratamiento de interiores\t\t\t\t\t<\/h2>\n\t\t\t\t\n\t\t\t\t\n\t\t\t\t\t\t\t\t\t<div class=\"elementor-cta__button-wrapper elementor-cta__content-item elementor-content-item \">\n\t\t\t\t\t<a class=\"elementor-cta__button elementor-button elementor-size-\">\n\t\t\t\t\t\tVer Servicio\t\t\t\t\t<\/a>\n\t\t\t\t\t<\/div>\n\t\t\t\t\t\t\t<\/div>\n\t\t\t\t\t\t<\/div>\n\t\t\t\t\t\t<\/div>\n\t\t\t\t<\/div>\n\t\t\t\t<\/div>\n\t\t<div class=\"elementor-element elementor-element-0012450 e-con-full e-flex wpr-particle-no wpr-jarallax-no wpr-parallax-no wpr-sticky-section-no e-con e-child\" data-id=\"0012450\" data-element_type=\"container\" data-e-type=\"container\">\n\t\t\t\t<div class=\"elementor-element elementor-element-c88f6a6 elementor-cta--skin-classic elementor-animated-content elementor-bg-transform elementor-bg-transform-zoom-in elementor-widget elementor-widget-call-to-action\" data-id=\"c88f6a6\" data-element_type=\"widget\" data-e-type=\"widget\" data-widget_type=\"call-to-action.default\">\n\t\t\t\t<div class=\"elementor-widget-container\">\n\t\t\t\t\t\t\t<div class=\"elementor-cta\">\n\t\t\t\t\t<div class=\"elementor-cta__bg-wrapper\">\n\t\t\t\t<div class=\"elementor-cta__bg elementor-bg\" style=\"background-image: url(https:\/\/autostar.es\/wp-content\/uploads\/2021\/10\/33.jpg);\" role=\"img\" aria-label=\"33\"><\/div>\n\t\t\t\t<div class=\"elementor-cta__bg-overlay\"><\/div>\n\t\t\t<\/div>\n\t\t\t\t\t\t\t<div class=\"elementor-cta__content\">\n\t\t\t\t\n\t\t\t\t\t\t\t\t\t<h2 class=\"elementor-cta__title elementor-cta__content-item elementor-content-item\">\n\t\t\t\t\t\tCambio de ruedas\t\t\t\t\t<\/h2>\n\t\t\t\t\n\t\t\t\t\n\t\t\t\t\t\t\t\t\t<div class=\"elementor-cta__button-wrapper elementor-cta__content-item elementor-content-item \">\n\t\t\t\t\t<a class=\"elementor-cta__button elementor-button elementor-size-\" href=\"https:\/\/autostar.es\/?page_id=1792#\">\n\t\t\t\t\t\tVer Servicio\t\t\t\t\t<\/a>\n\t\t\t\t\t<\/div>\n\t\t\t\t\t\t\t<\/div>\n\t\t\t\t\t\t<\/div>\n\t\t\t\t\t\t<\/div>\n\t\t\t\t<\/div>\n\t\t\t\t<\/div>\n\t\t\t\t\t<\/div>\n\t\t\t\t<\/div>\n\t\t\t\t<\/div>\n\t\t","protected":false},"excerpt":{"rendered":"<p>\/\/ As\u00ed trabajamos Paso a Paso Renovaci\u00f3n de Pl\u00e1sticos, Interiores y Ruedas: El Detalle que Marca la Diferencia. En AutoStar, sabemos que los peque\u00f1os detalles hacen una gran diferencia. Nuestro servicio de renovaci\u00f3n y reparaci\u00f3n de piezas de pl\u00e1stico, interiores y ruedas se enfoca en restaurar esos elementos que, con el tiempo, pueden desgastarse o perder su color, devolviendo a tu veh\u00edculo un aspecto completo y armonioso. Cambio de ruedas Listado de Servicios. Renovaci\u00f3n y tratamiento de interiores Ver Servicio Cambio de ruedas Ver Servicio<\/p>\n","protected":false},"author":1,"featured_media":0,"parent":0,"menu_order":0,"comment_status":"closed","ping_status":"closed","template":"","meta":{"footnotes":""},"class_list":["post-1734","page","type-page","status-publish","hentry"],"yoast_head":"<!-- This site is optimized with the Yoast SEO plugin v26.1 - https:\/\/yoast.com\/wordpress\/plugins\/seo\/ -->\n<title>Renovaci\u00f3n y reparaci\u00f3n de piezas de pl\u00e1stico, interiores y ruedas - auto star<\/title>\n<meta name=\"robots\" content=\"noindex, follow, max-snippet:-1, max-image-preview:large, max-video-preview:-1\" \/>\n<meta property=\"og:locale\" content=\"es_ES\" \/>\n<meta property=\"og:type\" content=\"article\" \/>\n<meta property=\"og:title\" content=\"Renovaci\u00f3n y reparaci\u00f3n de piezas de pl\u00e1stico, interiores y ruedas - auto star\" \/>\n<meta property=\"og:description\" content=\"\/\/ As\u00ed trabajamos Paso a Paso Renovaci\u00f3n de Pl\u00e1sticos, Interiores y Ruedas: El Detalle que Marca la Diferencia. En AutoStar, sabemos que los peque\u00f1os detalles hacen una gran diferencia. Nuestro servicio de renovaci\u00f3n y reparaci\u00f3n de piezas de pl\u00e1stico, interiores y ruedas se enfoca en restaurar esos elementos que, con el tiempo, pueden desgastarse o perder su color, devolviendo a tu veh\u00edculo un aspecto completo y armonioso. Cambio de ruedas Listado de Servicios. Renovaci\u00f3n y tratamiento de interiores Ver Servicio Cambio de ruedas Ver Servicio\" \/>\n<meta property=\"og:url\" content=\"https:\/\/autostar.es\/?page_id=1734\" \/>\n<meta property=\"og:site_name\" content=\"auto star\" \/>\n<meta property=\"article:modified_time\" content=\"2025-07-18T01:06:56+00:00\" \/>\n<meta property=\"og:image\" content=\"https:\/\/autostar.es\/wp-content\/uploads\/2021\/10\/11.jpg\" \/>\n<meta name=\"twitter:card\" content=\"summary_large_image\" \/>\n<meta name=\"twitter:label1\" content=\"Tiempo de lectura\" \/>\n\t<meta name=\"twitter:data1\" content=\"1 minuto\" \/>\n<script type=\"application\/ld+json\" class=\"yoast-schema-graph\">{\"@context\":\"https:\/\/schema.org\",\"@graph\":[{\"@type\":\"WebPage\",\"@id\":\"https:\/\/autostar.es\/?page_id=1734\",\"url\":\"https:\/\/autostar.es\/?page_id=1734\",\"name\":\"Renovaci\u00f3n y reparaci\u00f3n de piezas de pl\u00e1stico, interiores y ruedas - auto star\",\"isPartOf\":{\"@id\":\"https:\/\/autostar.es\/#website\"},\"primaryImageOfPage\":{\"@id\":\"https:\/\/autostar.es\/?page_id=1734#primaryimage\"},\"image\":{\"@id\":\"https:\/\/autostar.es\/?page_id=1734#primaryimage\"},\"thumbnailUrl\":\"https:\/\/autostar.es\/wp-content\/uploads\/2021\/10\/11.jpg\",\"datePublished\":\"2025-07-09T18:19:51+00:00\",\"dateModified\":\"2025-07-18T01:06:56+00:00\",\"breadcrumb\":{\"@id\":\"https:\/\/autostar.es\/?page_id=1734#breadcrumb\"},\"inLanguage\":\"es\",\"potentialAction\":[{\"@type\":\"ReadAction\",\"target\":[\"https:\/\/autostar.es\/?page_id=1734\"]}]},{\"@type\":\"ImageObject\",\"inLanguage\":\"es\",\"@id\":\"https:\/\/autostar.es\/?page_id=1734#primaryimage\",\"url\":\"https:\/\/autostar.es\/wp-content\/uploads\/2021\/10\/11.jpg\",\"contentUrl\":\"https:\/\/autostar.es\/wp-content\/uploads\/2021\/10\/11.jpg\",\"width\":800,\"height\":1031},{\"@type\":\"BreadcrumbList\",\"@id\":\"https:\/\/autostar.es\/?page_id=1734#breadcrumb\",\"itemListElement\":[{\"@type\":\"ListItem\",\"position\":1,\"name\":\"Portada\",\"item\":\"https:\/\/autostar.es\/\"},{\"@type\":\"ListItem\",\"position\":2,\"name\":\"Renovaci\u00f3n y reparaci\u00f3n de piezas de pl\u00e1stico, interiores y ruedas\"}]},{\"@type\":\"WebSite\",\"@id\":\"https:\/\/autostar.es\/#website\",\"url\":\"https:\/\/autostar.es\/\",\"name\":\"auto star\",\"description\":\"\",\"potentialAction\":[{\"@type\":\"SearchAction\",\"target\":{\"@type\":\"EntryPoint\",\"urlTemplate\":\"https:\/\/autostar.es\/?s={search_term_string}\"},\"query-input\":{\"@type\":\"PropertyValueSpecification\",\"valueRequired\":true,\"valueName\":\"search_term_string\"}}],\"inLanguage\":\"es\"}]}<\/script>\n<!-- \/ Yoast SEO plugin. -->","yoast_head_json":{"title":"Renovaci\u00f3n y reparaci\u00f3n de piezas de pl\u00e1stico, interiores y ruedas - auto star","robots":{"index":"noindex","follow":"follow","max-snippet":"max-snippet:-1","max-image-preview":"max-image-preview:large","max-video-preview":"max-video-preview:-1"},"og_locale":"es_ES","og_type":"article","og_title":"Renovaci\u00f3n y reparaci\u00f3n de piezas de pl\u00e1stico, interiores y ruedas - auto star","og_description":"\/\/ As\u00ed trabajamos Paso a Paso Renovaci\u00f3n de Pl\u00e1sticos, Interiores y Ruedas: El Detalle que Marca la Diferencia. En AutoStar, sabemos que los peque\u00f1os detalles hacen una gran diferencia. Nuestro servicio de renovaci\u00f3n y reparaci\u00f3n de piezas de pl\u00e1stico, interiores y ruedas se enfoca en restaurar esos elementos que, con el tiempo, pueden desgastarse o perder su color, devolviendo a tu veh\u00edculo un aspecto completo y armonioso. Cambio de ruedas Listado de Servicios. Renovaci\u00f3n y tratamiento de interiores Ver Servicio Cambio de ruedas Ver Servicio","og_url":"https:\/\/autostar.es\/?page_id=1734","og_site_name":"auto star","article_modified_time":"2025-07-18T01:06:56+00:00","og_image":[{"url":"https:\/\/autostar.es\/wp-content\/uploads\/2021\/10\/11.jpg","type":"","width":"","height":""}],"twitter_card":"summary_large_image","twitter_misc":{"Tiempo de lectura":"1 minuto"},"schema":{"@context":"https:\/\/schema.org","@graph":[{"@type":"WebPage","@id":"https:\/\/autostar.es\/?page_id=1734","url":"https:\/\/autostar.es\/?page_id=1734","name":"Renovaci\u00f3n y reparaci\u00f3n de piezas de pl\u00e1stico, interiores y ruedas - auto star","isPartOf":{"@id":"https:\/\/autostar.es\/#website"},"primaryImageOfPage":{"@id":"https:\/\/autostar.es\/?page_id=1734#primaryimage"},"image":{"@id":"https:\/\/autostar.es\/?page_id=1734#primaryimage"},"thumbnailUrl":"https:\/\/autostar.es\/wp-content\/uploads\/2021\/10\/11.jpg","datePublished":"2025-07-09T18:19:51+00:00","dateModified":"2025-07-18T01:06:56+00:00","breadcrumb":{"@id":"https:\/\/autostar.es\/?page_id=1734#breadcrumb"},"inLanguage":"es","potentialAction":[{"@type":"ReadAction","target":["https:\/\/autostar.es\/?page_id=1734"]}]},{"@type":"ImageObject","inLanguage":"es","@id":"https:\/\/autostar.es\/?page_id=1734#primaryimage","url":"https:\/\/autostar.es\/wp-content\/uploads\/2021\/10\/11.jpg","contentUrl":"https:\/\/autostar.es\/wp-content\/uploads\/2021\/10\/11.jpg","width":800,"height":1031},{"@type":"BreadcrumbList","@id":"https:\/\/autostar.es\/?page_id=1734#breadcrumb","itemListElement":[{"@type":"ListItem","position":1,"name":"Portada","item":"https:\/\/autostar.es\/"},{"@type":"ListItem","position":2,"name":"Renovaci\u00f3n y reparaci\u00f3n de piezas de pl\u00e1stico, interiores y ruedas"}]},{"@type":"WebSite","@id":"https:\/\/autostar.es\/#website","url":"https:\/\/autostar.es\/","name":"auto star","description":"","potentialAction":[{"@type":"SearchAction","target":{"@type":"EntryPoint","urlTemplate":"https:\/\/autostar.es\/?s={search_term_string}"},"query-input":{"@type":"PropertyValueSpecification","valueRequired":true,"valueName":"search_term_string"}}],"inLanguage":"es"}]}},"_links":{"self":[{"href":"https:\/\/autostar.es\/index.php?rest_route=\/wp\/v2\/pages\/1734","targetHints":{"allow":["GET"]}}],"collection":[{"href":"https:\/\/autostar.es\/index.php?rest_route=\/wp\/v2\/pages"}],"about":[{"href":"https:\/\/autostar.es\/index.php?rest_route=\/wp\/v2\/types\/page"}],"author":[{"embeddable":true,"href":"https:\/\/autostar.es\/index.php?rest_route=\/wp\/v2\/users\/1"}],"replies":[{"embeddable":true,"href":"https:\/\/autostar.es\/index.php?rest_route=%2Fwp%2Fv2%2Fcomments&post=1734"}],"version-history":[{"count":7,"href":"https:\/\/autostar.es\/index.php?rest_route=\/wp\/v2\/pages\/1734\/revisions"}],"predecessor-version":[{"id":1878,"href":"https:\/\/autostar.es\/index.php?rest_route=\/wp\/v2\/pages\/1734\/revisions\/1878"}],"wp:attachment":[{"href":"https:\/\/autostar.es\/index.php?rest_route=%2Fwp%2Fv2%2Fmedia&parent=1734"}],"curies":[{"name":"wp","href":"https:\/\/api.w.org\/{rel}","templated":true}]}}