{"id":149,"date":"2021-10-09T18:15:26","date_gmt":"2021-10-09T18:15:26","guid":{"rendered":"https:\/\/tunatheme.com\/tf\/wp\/autixir\/?page_id=149"},"modified":"2025-06-05T18:03:46","modified_gmt":"2025-06-05T18:03:46","slug":"contacto","status":"publish","type":"page","link":"https:\/\/autostar.es\/?page_id=149","title":{"rendered":"Contacto"},"content":{"rendered":"\t\t<div data-elementor-type=\"wp-page\" data-elementor-id=\"149\" class=\"elementor elementor-149\" data-elementor-post-type=\"page\">\n\t\t\t\t\t\t<section class=\"elementor-section elementor-top-section elementor-element elementor-element-4858426 elementor-section-full_width elementor-section-height-default elementor-section-height-default wpr-particle-no wpr-jarallax-no wpr-parallax-no wpr-sticky-section-no\" data-id=\"4858426\" data-element_type=\"section\" data-e-type=\"section\">\n\t\t\t\t\t\t<div class=\"elementor-container elementor-column-gap-no\">\n\t\t\t\t\t<div class=\"elementor-column elementor-col-100 elementor-top-column elementor-element elementor-element-0b56232\" data-id=\"0b56232\" data-element_type=\"column\" data-e-type=\"column\">\n\t\t\t<div class=\"elementor-widget-wrap elementor-element-populated\">\n\t\t\t\t\t\t<div class=\"elementor-element elementor-element-f41670a elementor-widget elementor-widget-autixir_contact_box\" data-id=\"f41670a\" data-element_type=\"widget\" data-e-type=\"widget\" data-widget_type=\"autixir_contact_box.default\">\n\t\t\t\t<div class=\"elementor-widget-container\">\n\t\t\t\t\t<div class=\"ltn__contact-address-area mb-90 \">\r\n    <div class=\"container\">\r\n        <div class=\"row\">\r\n                    <div class=\"col-lg-4\">\r\n                <div class=\"ltn__contact-address-item ltn__contact-address-item-3 box-shadow\">\r\n                    <div class=\"ltn__contact-address-icon\">\r\n                    <img decoding=\"async\" width=\"90\" height=\"88\" src=\"https:\/\/autostar.es\/wp-content\/uploads\/2021\/10\/10-1.png\" class=\"attachment-full size-full\" alt=\"\" \/>                    <\/div>\r\n                    <h3>Correo Electr\u00f3nico<\/h3>\r\n                    <p>info@webmail.com <\/p>\r\n                <\/div>\r\n            <\/div>\r\n                        <div class=\"col-lg-4\">\r\n                <div class=\"ltn__contact-address-item ltn__contact-address-item-3 box-shadow\">\r\n                    <div class=\"ltn__contact-address-icon\">\r\n                    <img decoding=\"async\" width=\"90\" height=\"87\" src=\"https:\/\/autostar.es\/wp-content\/uploads\/2021\/10\/11.png\" class=\"attachment-full size-full\" alt=\"\" \/>                    <\/div>\r\n                    <h3>N\u00famero de tel\u00e9fono<\/h3>\r\n                    <p>+0123-456789<\/p>\r\n                <\/div>\r\n            <\/div>\r\n                        <div class=\"col-lg-4\">\r\n                <div class=\"ltn__contact-address-item ltn__contact-address-item-3 box-shadow\">\r\n                    <div class=\"ltn__contact-address-icon\">\r\n                    <img decoding=\"async\" width=\"90\" height=\"87\" src=\"https:\/\/autostar.es\/wp-content\/uploads\/2021\/10\/12.png\" class=\"attachment-full size-full\" alt=\"\" \/>                    <\/div>\r\n                    <h3>Direcci\u00f3n del Taller<\/h3>\r\n                    <p>18\/A, New Born Town Hall <br> New York, US<\/p>\r\n                <\/div>\r\n            <\/div>\r\n                    <\/div>\r\n    <\/div>\r\n<\/div>\r\n \t\t\t\t<\/div>\n\t\t\t\t<\/div>\n\t\t\t\t\t<\/div>\n\t\t<\/div>\n\t\t\t\t\t<\/div>\n\t\t<\/section>\n\t\t\t\t<section class=\"elementor-section elementor-top-section elementor-element elementor-element-77faa2e ltn__contact-message-area mb-120 mb--100 elementor-section-boxed elementor-section-height-default elementor-section-height-default wpr-particle-no wpr-jarallax-no wpr-parallax-no wpr-sticky-section-no\" data-id=\"77faa2e\" data-element_type=\"section\" data-e-type=\"section\">\n\t\t\t\t\t\t<div class=\"elementor-container elementor-column-gap-no\">\n\t\t\t\t\t<div class=\"elementor-column elementor-col-100 elementor-top-column elementor-element elementor-element-8423e83\" data-id=\"8423e83\" data-element_type=\"column\" data-e-type=\"column\">\n\t\t\t<div class=\"elementor-widget-wrap elementor-element-populated\">\n\t\t\t\t\t\t<div class=\"elementor-element elementor-element-b80a0a9 ltn__form-box contact-form-box box-shadow white-bg elementor-widget elementor-widget-text-editor\" data-id=\"b80a0a9\" data-element_type=\"widget\" data-e-type=\"widget\" data-widget_type=\"text-editor.default\">\n\t\t\t\t<div class=\"elementor-widget-container\">\n\t\t\t\t\t\t\t\t\t<h4 class=\"title-2\">\u00bfHablamos?\u00a0<\/h4>\n<div class=\"wpcf7 no-js\" id=\"wpcf7-f52-o1\" lang=\"en-US\" dir=\"ltr\" data-wpcf7-id=\"52\">\n<div class=\"screen-reader-response\"><p role=\"status\" aria-live=\"polite\" aria-atomic=\"true\"><\/p> <ul><\/ul><\/div>\n<form action=\"\/index.php?rest_route=%2Fwp%2Fv2%2Fpages%2F149#wpcf7-f52-o1\" method=\"post\" class=\"wpcf7-form init\" aria-label=\"Contact form\" novalidate=\"novalidate\" data-status=\"init\">\n<fieldset class=\"hidden-fields-container\"><input type=\"hidden\" name=\"_wpcf7\" value=\"52\" \/><input type=\"hidden\" name=\"_wpcf7_version\" value=\"6.1.5\" \/><input type=\"hidden\" name=\"_wpcf7_locale\" value=\"en_US\" \/><input type=\"hidden\" name=\"_wpcf7_unit_tag\" value=\"wpcf7-f52-o1\" \/><input type=\"hidden\" name=\"_wpcf7_container_post\" value=\"0\" \/><input type=\"hidden\" name=\"_wpcf7_posted_data_hash\" value=\"\" \/>\n<\/fieldset>\n<div class=\"row\">\n\t<div class=\"col-md-6\">\n\t\t<div class=\"input-item input-item-name ltn__custom-icon\">\n\t\t\t<p><span class=\"wpcf7-form-control-wrap\" data-name=\"your-name\"><input size=\"40\" maxlength=\"400\" class=\"wpcf7-form-control wpcf7-text wpcf7-validates-as-required\" aria-required=\"true\" aria-invalid=\"false\" placeholder=\"Nombre y Apellidos\" value=\"\" type=\"text\" name=\"your-name\" \/><\/span>\n\t\t\t<\/p>\n\t\t<\/div>\n\t<\/div>\n\t<div class=\"col-md-6\">\n\t\t<div class=\"input-item input-item-email ltn__custom-icon\">\n\t\t\t<p><span class=\"wpcf7-form-control-wrap\" data-name=\"your-email\"><input size=\"40\" maxlength=\"400\" class=\"wpcf7-form-control wpcf7-email wpcf7-validates-as-required wpcf7-text wpcf7-validates-as-email\" aria-required=\"true\" aria-invalid=\"false\" placeholder=\"Correo Eletr\u00f3nico\" value=\"\" type=\"email\" name=\"your-email\" \/><\/span>\n\t\t\t<\/p>\n\t\t<\/div>\n\t<\/div>\n\t<div class=\"col-md-6\">\n\t\t<div class=\"input-item\">\n\t\t\t<p><span class=\"wpcf7-form-control-wrap\" data-name=\"class:nice-select\"><select class=\"wpcf7-form-control wpcf7-select\" aria-invalid=\"false\" name=\"class:nice-select\"><option value=\"Tipo de Servicio\">Tipo de Servicio<\/option><option value=\"Lavado Exterior\">Lavado Exterior<\/option><option value=\"Limpieza Interior\">Limpieza Interior<\/option><option value=\"Restauraci\u00f3n de Tapicer\u00eda\">Restauraci\u00f3n de Tapicer\u00eda<\/option><option value=\"Pulido y Enverado\">Pulido y Enverado<\/option><option value=\"Limpieza de Motores\">Limpieza de Motores<\/option><option value=\"Desinfecci\u00f3n Antibacterial\">Desinfecci\u00f3n Antibacterial<\/option><option value=\"Tratamiento de Olores\">Tratamiento de Olores<\/option><option value=\"Protecci\u00f3n de Pintura\">Protecci\u00f3n de Pintura<\/option><\/select><\/span>\n\t\t\t<\/p>\n\t\t<\/div>\n\t<\/div>\n\t<div class=\"col-md-6\">\n\t\t<div class=\"input-item input-item-phone ltn__custom-icon\">\n\t\t\t<p><span class=\"wpcf7-form-control-wrap\" data-name=\"your-phone\"><input size=\"40\" maxlength=\"400\" class=\"wpcf7-form-control wpcf7-text wpcf7-validates-as-required\" aria-required=\"true\" aria-invalid=\"false\" placeholder=\"N\u00famero de Tel\u00e9fono\" value=\"\" type=\"text\" name=\"your-phone\" \/><\/span>\n\t\t\t<\/p>\n\t\t<\/div>\n\t<\/div>\n<\/div>\n<div class=\"input-item input-item-textarea ltn__custom-icon\">\n\t<p><span class=\"wpcf7-form-control-wrap\" data-name=\"your-message\"><textarea cols=\"40\" rows=\"10\" maxlength=\"2000\" class=\"wpcf7-form-control wpcf7-textarea\" aria-invalid=\"false\" placeholder=\"Escribe tu Mensaje\" name=\"your-message\"><\/textarea><\/span>\n\t<\/p>\n<\/div>\n<p><label class=\"input-info-save mb-0\"><span class=\"wpcf7-form-control-wrap\" data-name=\"your-agree\"><span class=\"wpcf7-form-control wpcf7-checkbox wpcf7-validates-as-required\"><span class=\"wpcf7-list-item first last\"><label><input type=\"checkbox\" name=\"your-agree[]\" value=\"Acepto la pol\u00edtica de privacidad, para el tratamiento de mis datos.\" \/><span class=\"wpcf7-list-item-label\">Acepto la pol\u00edtica de privacidad, para el tratamiento de mis datos.<\/span><\/label><\/span><\/span><\/span><\/label>\n<\/p>\n<div class=\"btn-wrapper mt-0\">\n\t<p><button class=\"btn theme-btn-1 btn-effect-1 text-uppercase wpcf7-form-control has-spinner wpcf7-submit\" type=\"submit\">Enviar<\/button>\n\t<\/p>\n<\/div><p style=\"display: none !important;\" class=\"akismet-fields-container\" data-prefix=\"_wpcf7_ak_\"><label>&#916;<textarea name=\"_wpcf7_ak_hp_textarea\" cols=\"45\" rows=\"8\" maxlength=\"100\"><\/textarea><\/label><input type=\"hidden\" id=\"ak_js_1\" name=\"_wpcf7_ak_js\" value=\"49\"\/><script>document.getElementById( \"ak_js_1\" ).setAttribute( \"value\", ( new Date() ).getTime() );<\/script><\/p><div class=\"wpcf7-response-output\" aria-hidden=\"true\"><\/div>\n<\/form>\n<\/div>\n\t\t\t\t\t\t\t\t<\/div>\n\t\t\t\t<\/div>\n\t\t\t\t\t<\/div>\n\t\t<\/div>\n\t\t\t\t\t<\/div>\n\t\t<\/section>\n\t\t\t\t<section class=\"elementor-section elementor-top-section elementor-element elementor-element-534d516 elementor-section-full_width elementor-section-height-default elementor-section-height-default wpr-particle-no wpr-jarallax-no wpr-parallax-no wpr-sticky-section-no\" data-id=\"534d516\" data-element_type=\"section\" data-e-type=\"section\">\n\t\t\t\t\t\t<div class=\"elementor-container elementor-column-gap-no\">\n\t\t\t\t\t<div class=\"elementor-column elementor-col-100 elementor-top-column elementor-element elementor-element-8f967f9\" data-id=\"8f967f9\" data-element_type=\"column\" data-e-type=\"column\">\n\t\t\t<div class=\"elementor-widget-wrap elementor-element-populated\">\n\t\t\t\t\t\t<div class=\"elementor-element elementor-element-ffb2724 elementor-widget elementor-widget-google_maps\" data-id=\"ffb2724\" data-element_type=\"widget\" data-e-type=\"widget\" data-widget_type=\"google_maps.default\">\n\t\t\t\t<div class=\"elementor-widget-container\">\n\t\t\t\t\t\t\t<div class=\"elementor-custom-embed\">\n\t\t\t<iframe loading=\"lazy\"\n\t\t\t\t\tsrc=\"https:\/\/maps.google.com\/maps?q=London%20Eye%2C%20London%2C%20United%20Kingdom&#038;t=m&#038;z=10&#038;output=embed&#038;iwloc=near\"\n\t\t\t\t\ttitle=\"London Eye, London, United Kingdom\"\n\t\t\t\t\taria-label=\"London Eye, London, United Kingdom\"\n\t\t\t><\/iframe>\n\t\t<\/div>\n\t\t\t\t\t\t<\/div>\n\t\t\t\t<\/div>\n\t\t\t\t\t<\/div>\n\t\t<\/div>\n\t\t\t\t\t<\/div>\n\t\t<\/section>\n\t\t\t\t<\/div>\n\t\t","protected":false},"excerpt":{"rendered":"<p>Correo Electr\u00f3nico info@webmail.com N\u00famero de tel\u00e9fono +0123-456789 Direcci\u00f3n del Taller 18\/A, New Born Town Hall New York, US \u00bfHablamos?\u00a0<\/p>\n","protected":false},"author":1,"featured_media":0,"parent":0,"menu_order":0,"comment_status":"closed","ping_status":"closed","template":"elementor_header_footer","meta":{"footnotes":""},"class_list":["post-149","page","type-page","status-publish","hentry"],"yoast_head":"<!-- This site is optimized with the Yoast SEO plugin v26.1 - https:\/\/yoast.com\/wordpress\/plugins\/seo\/ -->\n<title>Contacto - auto star<\/title>\n<meta name=\"robots\" content=\"noindex, follow, max-snippet:-1, max-image-preview:large, max-video-preview:-1\" \/>\n<meta property=\"og:locale\" content=\"es_ES\" \/>\n<meta property=\"og:type\" content=\"article\" \/>\n<meta property=\"og:title\" content=\"Contacto - auto star\" \/>\n<meta property=\"og:description\" content=\"Correo Electr\u00f3nico info@webmail.com N\u00famero de tel\u00e9fono +0123-456789 Direcci\u00f3n del Taller 18\/A, New Born Town Hall New York, US \u00bfHablamos?\u00a0\" \/>\n<meta property=\"og:url\" content=\"https:\/\/autostar.es\/?page_id=149\" \/>\n<meta property=\"og:site_name\" content=\"auto star\" \/>\n<meta property=\"article:modified_time\" content=\"2025-06-05T18:03:46+00:00\" \/>\n<meta property=\"og:image\" content=\"https:\/\/autostar.es\/wp-content\/uploads\/2021\/10\/10-1.png\" \/>\n<meta name=\"twitter:card\" content=\"summary_large_image\" \/>\n<meta name=\"twitter:label1\" content=\"Tiempo de lectura\" \/>\n\t<meta name=\"twitter:data1\" content=\"1 minuto\" \/>\n<script type=\"application\/ld+json\" class=\"yoast-schema-graph\">{\"@context\":\"https:\/\/schema.org\",\"@graph\":[{\"@type\":\"WebPage\",\"@id\":\"https:\/\/autostar.es\/?page_id=149\",\"url\":\"https:\/\/autostar.es\/?page_id=149\",\"name\":\"Contacto - auto star\",\"isPartOf\":{\"@id\":\"https:\/\/autostar.es\/#website\"},\"primaryImageOfPage\":{\"@id\":\"https:\/\/autostar.es\/?page_id=149#primaryimage\"},\"image\":{\"@id\":\"https:\/\/autostar.es\/?page_id=149#primaryimage\"},\"thumbnailUrl\":\"https:\/\/autostar.es\/wp-content\/uploads\/2021\/10\/10-1.png\",\"datePublished\":\"2021-10-09T18:15:26+00:00\",\"dateModified\":\"2025-06-05T18:03:46+00:00\",\"breadcrumb\":{\"@id\":\"https:\/\/autostar.es\/?page_id=149#breadcrumb\"},\"inLanguage\":\"es\",\"potentialAction\":[{\"@type\":\"ReadAction\",\"target\":[\"https:\/\/autostar.es\/?page_id=149\"]}]},{\"@type\":\"ImageObject\",\"inLanguage\":\"es\",\"@id\":\"https:\/\/autostar.es\/?page_id=149#primaryimage\",\"url\":\"https:\/\/autostar.es\/wp-content\/uploads\/2021\/10\/10-1.png\",\"contentUrl\":\"https:\/\/autostar.es\/wp-content\/uploads\/2021\/10\/10-1.png\",\"width\":90,\"height\":88},{\"@type\":\"BreadcrumbList\",\"@id\":\"https:\/\/autostar.es\/?page_id=149#breadcrumb\",\"itemListElement\":[{\"@type\":\"ListItem\",\"position\":1,\"name\":\"Portada\",\"item\":\"https:\/\/autostar.es\/\"},{\"@type\":\"ListItem\",\"position\":2,\"name\":\"Contacto\"}]},{\"@type\":\"WebSite\",\"@id\":\"https:\/\/autostar.es\/#website\",\"url\":\"https:\/\/autostar.es\/\",\"name\":\"auto star\",\"description\":\"\",\"potentialAction\":[{\"@type\":\"SearchAction\",\"target\":{\"@type\":\"EntryPoint\",\"urlTemplate\":\"https:\/\/autostar.es\/?s={search_term_string}\"},\"query-input\":{\"@type\":\"PropertyValueSpecification\",\"valueRequired\":true,\"valueName\":\"search_term_string\"}}],\"inLanguage\":\"es\"}]}<\/script>\n<!-- \/ Yoast SEO plugin. -->","yoast_head_json":{"title":"Contacto - auto star","robots":{"index":"noindex","follow":"follow","max-snippet":"max-snippet:-1","max-image-preview":"max-image-preview:large","max-video-preview":"max-video-preview:-1"},"og_locale":"es_ES","og_type":"article","og_title":"Contacto - auto star","og_description":"Correo Electr\u00f3nico info@webmail.com N\u00famero de tel\u00e9fono +0123-456789 Direcci\u00f3n del Taller 18\/A, New Born Town Hall New York, US \u00bfHablamos?\u00a0","og_url":"https:\/\/autostar.es\/?page_id=149","og_site_name":"auto star","article_modified_time":"2025-06-05T18:03:46+00:00","og_image":[{"url":"https:\/\/autostar.es\/wp-content\/uploads\/2021\/10\/10-1.png","type":"","width":"","height":""}],"twitter_card":"summary_large_image","twitter_misc":{"Tiempo de lectura":"1 minuto"},"schema":{"@context":"https:\/\/schema.org","@graph":[{"@type":"WebPage","@id":"https:\/\/autostar.es\/?page_id=149","url":"https:\/\/autostar.es\/?page_id=149","name":"Contacto - auto star","isPartOf":{"@id":"https:\/\/autostar.es\/#website"},"primaryImageOfPage":{"@id":"https:\/\/autostar.es\/?page_id=149#primaryimage"},"image":{"@id":"https:\/\/autostar.es\/?page_id=149#primaryimage"},"thumbnailUrl":"https:\/\/autostar.es\/wp-content\/uploads\/2021\/10\/10-1.png","datePublished":"2021-10-09T18:15:26+00:00","dateModified":"2025-06-05T18:03:46+00:00","breadcrumb":{"@id":"https:\/\/autostar.es\/?page_id=149#breadcrumb"},"inLanguage":"es","potentialAction":[{"@type":"ReadAction","target":["https:\/\/autostar.es\/?page_id=149"]}]},{"@type":"ImageObject","inLanguage":"es","@id":"https:\/\/autostar.es\/?page_id=149#primaryimage","url":"https:\/\/autostar.es\/wp-content\/uploads\/2021\/10\/10-1.png","contentUrl":"https:\/\/autostar.es\/wp-content\/uploads\/2021\/10\/10-1.png","width":90,"height":88},{"@type":"BreadcrumbList","@id":"https:\/\/autostar.es\/?page_id=149#breadcrumb","itemListElement":[{"@type":"ListItem","position":1,"name":"Portada","item":"https:\/\/autostar.es\/"},{"@type":"ListItem","position":2,"name":"Contacto"}]},{"@type":"WebSite","@id":"https:\/\/autostar.es\/#website","url":"https:\/\/autostar.es\/","name":"auto star","description":"","potentialAction":[{"@type":"SearchAction","target":{"@type":"EntryPoint","urlTemplate":"https:\/\/autostar.es\/?s={search_term_string}"},"query-input":{"@type":"PropertyValueSpecification","valueRequired":true,"valueName":"search_term_string"}}],"inLanguage":"es"}]}},"_links":{"self":[{"href":"https:\/\/autostar.es\/index.php?rest_route=\/wp\/v2\/pages\/149","targetHints":{"allow":["GET"]}}],"collection":[{"href":"https:\/\/autostar.es\/index.php?rest_route=\/wp\/v2\/pages"}],"about":[{"href":"https:\/\/autostar.es\/index.php?rest_route=\/wp\/v2\/types\/page"}],"author":[{"embeddable":true,"href":"https:\/\/autostar.es\/index.php?rest_route=\/wp\/v2\/users\/1"}],"replies":[{"embeddable":true,"href":"https:\/\/autostar.es\/index.php?rest_route=%2Fwp%2Fv2%2Fcomments&post=149"}],"version-history":[{"count":20,"href":"https:\/\/autostar.es\/index.php?rest_route=\/wp\/v2\/pages\/149\/revisions"}],"predecessor-version":[{"id":1519,"href":"https:\/\/autostar.es\/index.php?rest_route=\/wp\/v2\/pages\/149\/revisions\/1519"}],"wp:attachment":[{"href":"https:\/\/autostar.es\/index.php?rest_route=%2Fwp%2Fv2%2Fmedia&parent=149"}],"curies":[{"name":"wp","href":"https:\/\/api.w.org\/{rel}","templated":true}]}}