{"id":1442,"date":"2025-06-05T17:20:17","date_gmt":"2025-06-05T17:20:17","guid":{"rendered":"https:\/\/autostar.es\/?page_id=1442"},"modified":"2025-06-05T17:24:56","modified_gmt":"2025-06-05T17:24:56","slug":"aviso-legal","status":"publish","type":"page","link":"https:\/\/autostar.es\/?page_id=1442","title":{"rendered":"Aviso Legal"},"content":{"rendered":"\t\t<div data-elementor-type=\"wp-page\" data-elementor-id=\"1442\" class=\"elementor elementor-1442\" data-elementor-post-type=\"page\">\n\t\t\t\t<div class=\"elementor-element elementor-element-c2e1288 e-flex e-con-boxed wpr-particle-no wpr-jarallax-no wpr-parallax-no wpr-sticky-section-no e-con e-parent\" data-id=\"c2e1288\" data-element_type=\"container\" data-e-type=\"container\">\n\t\t\t\t\t<div class=\"e-con-inner\">\n\t\t<div class=\"elementor-element elementor-element-0dd6a95 e-con-full e-flex wpr-particle-no wpr-jarallax-no wpr-parallax-no wpr-sticky-section-no e-con e-child\" data-id=\"0dd6a95\" data-element_type=\"container\" data-e-type=\"container\">\n\t\t\t\t<div class=\"elementor-element elementor-element-d7a031b elementor-widget elementor-widget-text-editor\" data-id=\"d7a031b\" data-element_type=\"widget\" data-e-type=\"widget\" data-widget_type=\"text-editor.default\">\n\t\t\t\t<div class=\"elementor-widget-container\">\n\t\t\t\t\t\t\t\t\t<h3><strong>Aviso Legal<\/strong><\/h3><p>En cumplimiento con lo dispuesto en la Ley 34\/2002, de 11 de julio, de Servicios de la Sociedad de la Informaci\u00f3n y de Comercio Electr\u00f3nico (LSSICE), se informa a los usuarios del sitio web de los siguientes datos:<\/p><h4><strong>1. Informaci\u00f3n del Titular<\/strong><\/h4><ul><li><strong>Titular del Sitio Web:<\/strong> Jos\u00e9 Antonio Villanueva Quesada<\/li><li><strong>Correo Electr\u00f3nico: <\/strong>josmoravil@gmail.com<\/li><\/ul><h4><strong>2. Condiciones de Uso<\/strong><\/h4><p>El acceso y uso de este sitio web atribuye la condici\u00f3n de usuario, lo que implica la aceptaci\u00f3n plena y sin reservas de todas las disposiciones incluidas en este Aviso Legal desde el momento en que se accede al sitio. Por lo tanto, se recomienda que el usuario lea detenidamente este documento en cada ocasi\u00f3n en que utilice el sitio web, ya que puede sufrir modificaciones.<\/p><h4><strong>3. Propiedad Intelectual e Industrial<\/strong><\/h4><p>Todos los contenidos del sitio web (incluidos, pero no limitados a, textos, im\u00e1genes, gr\u00e1ficos, logotipos, iconos, software y dem\u00e1s elementos) son propiedad exclusiva del titular del sitio o, en su caso, de terceros, y est\u00e1n protegidos por la legislaci\u00f3n sobre propiedad intelectual e industrial. Queda prohibida la reproducci\u00f3n, distribuci\u00f3n, comunicaci\u00f3n p\u00fablica, transformaci\u00f3n o cualquier otra forma de explotaci\u00f3n de los contenidos sin el consentimiento expreso del titular.<\/p><h4><strong>4. Responsabilidad del Usuario<\/strong><\/h4><p>El usuario se compromete a hacer un uso adecuado de los contenidos y servicios ofrecidos en el sitio web, absteni\u00e9ndose de emplearlos para actividades il\u00edcitas, ilegales o contrarias a la buena fe y al orden p\u00fablico. El titular del sitio no ser\u00e1 responsable del uso indebido que los usuarios hagan del contenido del sitio web.<\/p><h4><strong>5. Pol\u00edtica de Enlaces<\/strong><\/h4><p>Este sitio web puede contener enlaces a otras p\u00e1ginas web gestionadas por terceros, con el prop\u00f3sito de facilitar el acceso a informaci\u00f3n, contenidos o servicios de inter\u00e9s. El titular del sitio no se hace responsable del contenido, exactitud o actualizaci\u00f3n de dichas p\u00e1ginas externas y su inclusi\u00f3n no implica la existencia de relaci\u00f3n alguna entre el titular del sitio y los propietarios de dichos sitios enlazados.<\/p><h4><strong>6. Exenci\u00f3n de Responsabilidad<\/strong><\/h4><p>El titular del sitio no se responsabiliza de los posibles errores u omisiones en los contenidos del sitio, ni de los da\u00f1os y perjuicios que puedan derivarse de la utilizaci\u00f3n de la informaci\u00f3n contenida en el sitio. Tampoco garantiza la disponibilidad y continuidad del funcionamiento del sitio web.<\/p><h4><strong>7. Protecci\u00f3n de Datos<\/strong><\/h4><p>El tratamiento de los datos personales de los usuarios se regir\u00e1 por lo dispuesto en la\u00a0<a href=\"https:\/\/silexseo.es\/politica-de-privacidad\/\"><strong>Pol\u00edtica de Privacidad<\/strong><\/a>, que est\u00e1 disponible en este sitio web.<\/p><h4><strong>8. Legislaci\u00f3n Aplicable y Jurisdicci\u00f3n<\/strong><\/h4><p>Las presentes condiciones se regir\u00e1n e interpretar\u00e1n de acuerdo con la legislaci\u00f3n espa\u00f1ola. Para la resoluci\u00f3n de cualquier controversia que pudiera surgir en relaci\u00f3n con el acceso o uso del sitio web, el usuario y el titular del sitio acuerdan someterse a la jurisdicci\u00f3n de los juzgados y tribunales m\u00e1s cercanos al lugar de residencia del propietario de la web.<\/p>\t\t\t\t\t\t\t\t<\/div>\n\t\t\t\t<\/div>\n\t\t\t\t<\/div>\n\t\t\t\t\t<\/div>\n\t\t\t\t<\/div>\n\t\t\t\t<\/div>\n\t\t","protected":false},"excerpt":{"rendered":"<p>Aviso Legal En cumplimiento con lo dispuesto en la Ley 34\/2002, de 11 de julio, de Servicios de la Sociedad de la Informaci\u00f3n y de Comercio Electr\u00f3nico (LSSICE), se informa a los usuarios del sitio web de los siguientes datos: 1. Informaci\u00f3n del Titular Titular del Sitio Web: Jos\u00e9 Antonio Villanueva Quesada Correo Electr\u00f3nico: josmoravil@gmail.com 2. Condiciones de Uso El acceso y uso de este sitio web atribuye la condici\u00f3n de usuario, lo que implica la aceptaci\u00f3n plena y sin reservas de todas las disposiciones incluidas en este Aviso Legal desde el momento en que se accede al sitio. Por lo tanto, se recomienda que el usuario lea detenidamente este documento en cada ocasi\u00f3n en que utilice el sitio web, ya que puede sufrir modificaciones. 3. Propiedad Intelectual e Industrial Todos los contenidos del sitio web (incluidos, pero no limitados a, textos, im\u00e1genes, gr\u00e1ficos, logotipos, iconos, software y dem\u00e1s elementos) son propiedad exclusiva del titular del sitio o, en su caso, de terceros, y est\u00e1n protegidos por la legislaci\u00f3n sobre propiedad intelectual e industrial. Queda prohibida la reproducci\u00f3n, distribuci\u00f3n, comunicaci\u00f3n p\u00fablica, transformaci\u00f3n o cualquier otra forma de explotaci\u00f3n de los contenidos sin el consentimiento expreso del titular. 4. Responsabilidad del Usuario El usuario se compromete a hacer un uso adecuado de los contenidos y servicios ofrecidos en el sitio web, absteni\u00e9ndose de emplearlos para actividades il\u00edcitas, ilegales o contrarias a la buena fe y al orden p\u00fablico. El titular del sitio no ser\u00e1 responsable del uso indebido que los usuarios hagan del contenido del sitio web. 5. Pol\u00edtica de Enlaces Este sitio web puede contener enlaces a otras p\u00e1ginas web gestionadas por terceros, con el prop\u00f3sito de facilitar el acceso a informaci\u00f3n, contenidos o servicios de inter\u00e9s. El titular del sitio no se hace responsable del contenido, exactitud o actualizaci\u00f3n de dichas p\u00e1ginas externas y su inclusi\u00f3n no implica la existencia de relaci\u00f3n alguna entre el titular del sitio y los propietarios de dichos sitios enlazados. 6. Exenci\u00f3n de Responsabilidad El titular del sitio no se responsabiliza de los posibles errores u omisiones en los contenidos del sitio, ni de los da\u00f1os y perjuicios que puedan derivarse de la utilizaci\u00f3n de la informaci\u00f3n contenida en el sitio. Tampoco garantiza la disponibilidad y continuidad del funcionamiento del sitio web. 7. Protecci\u00f3n de Datos El tratamiento de los datos personales de los usuarios se regir\u00e1 por lo dispuesto en la\u00a0Pol\u00edtica de Privacidad, que est\u00e1 disponible en este sitio web. 8. Legislaci\u00f3n Aplicable y Jurisdicci\u00f3n Las presentes condiciones se regir\u00e1n e interpretar\u00e1n de acuerdo con la legislaci\u00f3n espa\u00f1ola. Para la resoluci\u00f3n de cualquier controversia que pudiera surgir en relaci\u00f3n con el acceso o uso del sitio web, el usuario y el titular del sitio acuerdan someterse a la jurisdicci\u00f3n de los juzgados y tribunales m\u00e1s cercanos al lugar de residencia del propietario de la web.<\/p>\n","protected":false},"author":1,"featured_media":0,"parent":0,"menu_order":0,"comment_status":"closed","ping_status":"closed","template":"","meta":{"footnotes":""},"class_list":["post-1442","page","type-page","status-publish","hentry"],"yoast_head":"<!-- This site is optimized with the Yoast SEO plugin v26.1 - https:\/\/yoast.com\/wordpress\/plugins\/seo\/ -->\n<title>Aviso Legal - auto star<\/title>\n<meta name=\"robots\" content=\"noindex, follow, max-snippet:-1, max-image-preview:large, max-video-preview:-1\" \/>\n<meta property=\"og:locale\" content=\"es_ES\" \/>\n<meta property=\"og:type\" content=\"article\" \/>\n<meta property=\"og:title\" content=\"Aviso Legal - auto star\" \/>\n<meta property=\"og:description\" content=\"Aviso Legal En cumplimiento con lo dispuesto en la Ley 34\/2002, de 11 de julio, de Servicios de la Sociedad de la Informaci\u00f3n y de Comercio Electr\u00f3nico (LSSICE), se informa a los usuarios del sitio web de los siguientes datos: 1. Informaci\u00f3n del Titular Titular del Sitio Web: Jos\u00e9 Antonio Villanueva Quesada Correo Electr\u00f3nico: josmoravil@gmail.com 2. Condiciones de Uso El acceso y uso de este sitio web atribuye la condici\u00f3n de usuario, lo que implica la aceptaci\u00f3n plena y sin reservas de todas las disposiciones incluidas en este Aviso Legal desde el momento en que se accede al sitio. Por lo tanto, se recomienda que el usuario lea detenidamente este documento en cada ocasi\u00f3n en que utilice el sitio web, ya que puede sufrir modificaciones. 3. Propiedad Intelectual e Industrial Todos los contenidos del sitio web (incluidos, pero no limitados a, textos, im\u00e1genes, gr\u00e1ficos, logotipos, iconos, software y dem\u00e1s elementos) son propiedad exclusiva del titular del sitio o, en su caso, de terceros, y est\u00e1n protegidos por la legislaci\u00f3n sobre propiedad intelectual e industrial. Queda prohibida la reproducci\u00f3n, distribuci\u00f3n, comunicaci\u00f3n p\u00fablica, transformaci\u00f3n o cualquier otra forma de explotaci\u00f3n de los contenidos sin el consentimiento expreso del titular. 4. Responsabilidad del Usuario El usuario se compromete a hacer un uso adecuado de los contenidos y servicios ofrecidos en el sitio web, absteni\u00e9ndose de emplearlos para actividades il\u00edcitas, ilegales o contrarias a la buena fe y al orden p\u00fablico. El titular del sitio no ser\u00e1 responsable del uso indebido que los usuarios hagan del contenido del sitio web. 5. Pol\u00edtica de Enlaces Este sitio web puede contener enlaces a otras p\u00e1ginas web gestionadas por terceros, con el prop\u00f3sito de facilitar el acceso a informaci\u00f3n, contenidos o servicios de inter\u00e9s. El titular del sitio no se hace responsable del contenido, exactitud o actualizaci\u00f3n de dichas p\u00e1ginas externas y su inclusi\u00f3n no implica la existencia de relaci\u00f3n alguna entre el titular del sitio y los propietarios de dichos sitios enlazados. 6. Exenci\u00f3n de Responsabilidad El titular del sitio no se responsabiliza de los posibles errores u omisiones en los contenidos del sitio, ni de los da\u00f1os y perjuicios que puedan derivarse de la utilizaci\u00f3n de la informaci\u00f3n contenida en el sitio. Tampoco garantiza la disponibilidad y continuidad del funcionamiento del sitio web. 7. Protecci\u00f3n de Datos El tratamiento de los datos personales de los usuarios se regir\u00e1 por lo dispuesto en la\u00a0Pol\u00edtica de Privacidad, que est\u00e1 disponible en este sitio web. 8. Legislaci\u00f3n Aplicable y Jurisdicci\u00f3n Las presentes condiciones se regir\u00e1n e interpretar\u00e1n de acuerdo con la legislaci\u00f3n espa\u00f1ola. Para la resoluci\u00f3n de cualquier controversia que pudiera surgir en relaci\u00f3n con el acceso o uso del sitio web, el usuario y el titular del sitio acuerdan someterse a la jurisdicci\u00f3n de los juzgados y tribunales m\u00e1s cercanos al lugar de residencia del propietario de la web.\" \/>\n<meta property=\"og:url\" content=\"https:\/\/autostar.es\/?page_id=1442\" \/>\n<meta property=\"og:site_name\" content=\"auto star\" \/>\n<meta property=\"article:modified_time\" content=\"2025-06-05T17:24:56+00:00\" \/>\n<meta name=\"twitter:card\" content=\"summary_large_image\" \/>\n<meta name=\"twitter:label1\" content=\"Tiempo de lectura\" \/>\n\t<meta name=\"twitter:data1\" content=\"3 minutos\" \/>\n<script type=\"application\/ld+json\" class=\"yoast-schema-graph\">{\"@context\":\"https:\/\/schema.org\",\"@graph\":[{\"@type\":\"WebPage\",\"@id\":\"https:\/\/autostar.es\/?page_id=1442\",\"url\":\"https:\/\/autostar.es\/?page_id=1442\",\"name\":\"Aviso Legal - auto star\",\"isPartOf\":{\"@id\":\"https:\/\/autostar.es\/#website\"},\"datePublished\":\"2025-06-05T17:20:17+00:00\",\"dateModified\":\"2025-06-05T17:24:56+00:00\",\"breadcrumb\":{\"@id\":\"https:\/\/autostar.es\/?page_id=1442#breadcrumb\"},\"inLanguage\":\"es\",\"potentialAction\":[{\"@type\":\"ReadAction\",\"target\":[\"https:\/\/autostar.es\/?page_id=1442\"]}]},{\"@type\":\"BreadcrumbList\",\"@id\":\"https:\/\/autostar.es\/?page_id=1442#breadcrumb\",\"itemListElement\":[{\"@type\":\"ListItem\",\"position\":1,\"name\":\"Portada\",\"item\":\"https:\/\/autostar.es\/\"},{\"@type\":\"ListItem\",\"position\":2,\"name\":\"Aviso Legal\"}]},{\"@type\":\"WebSite\",\"@id\":\"https:\/\/autostar.es\/#website\",\"url\":\"https:\/\/autostar.es\/\",\"name\":\"auto star\",\"description\":\"\",\"potentialAction\":[{\"@type\":\"SearchAction\",\"target\":{\"@type\":\"EntryPoint\",\"urlTemplate\":\"https:\/\/autostar.es\/?s={search_term_string}\"},\"query-input\":{\"@type\":\"PropertyValueSpecification\",\"valueRequired\":true,\"valueName\":\"search_term_string\"}}],\"inLanguage\":\"es\"}]}<\/script>\n<!-- \/ Yoast SEO plugin. -->","yoast_head_json":{"title":"Aviso Legal - auto star","robots":{"index":"noindex","follow":"follow","max-snippet":"max-snippet:-1","max-image-preview":"max-image-preview:large","max-video-preview":"max-video-preview:-1"},"og_locale":"es_ES","og_type":"article","og_title":"Aviso Legal - auto star","og_description":"Aviso Legal En cumplimiento con lo dispuesto en la Ley 34\/2002, de 11 de julio, de Servicios de la Sociedad de la Informaci\u00f3n y de Comercio Electr\u00f3nico (LSSICE), se informa a los usuarios del sitio web de los siguientes datos: 1. Informaci\u00f3n del Titular Titular del Sitio Web: Jos\u00e9 Antonio Villanueva Quesada Correo Electr\u00f3nico: josmoravil@gmail.com 2. Condiciones de Uso El acceso y uso de este sitio web atribuye la condici\u00f3n de usuario, lo que implica la aceptaci\u00f3n plena y sin reservas de todas las disposiciones incluidas en este Aviso Legal desde el momento en que se accede al sitio. Por lo tanto, se recomienda que el usuario lea detenidamente este documento en cada ocasi\u00f3n en que utilice el sitio web, ya que puede sufrir modificaciones. 3. Propiedad Intelectual e Industrial Todos los contenidos del sitio web (incluidos, pero no limitados a, textos, im\u00e1genes, gr\u00e1ficos, logotipos, iconos, software y dem\u00e1s elementos) son propiedad exclusiva del titular del sitio o, en su caso, de terceros, y est\u00e1n protegidos por la legislaci\u00f3n sobre propiedad intelectual e industrial. Queda prohibida la reproducci\u00f3n, distribuci\u00f3n, comunicaci\u00f3n p\u00fablica, transformaci\u00f3n o cualquier otra forma de explotaci\u00f3n de los contenidos sin el consentimiento expreso del titular. 4. Responsabilidad del Usuario El usuario se compromete a hacer un uso adecuado de los contenidos y servicios ofrecidos en el sitio web, absteni\u00e9ndose de emplearlos para actividades il\u00edcitas, ilegales o contrarias a la buena fe y al orden p\u00fablico. El titular del sitio no ser\u00e1 responsable del uso indebido que los usuarios hagan del contenido del sitio web. 5. Pol\u00edtica de Enlaces Este sitio web puede contener enlaces a otras p\u00e1ginas web gestionadas por terceros, con el prop\u00f3sito de facilitar el acceso a informaci\u00f3n, contenidos o servicios de inter\u00e9s. El titular del sitio no se hace responsable del contenido, exactitud o actualizaci\u00f3n de dichas p\u00e1ginas externas y su inclusi\u00f3n no implica la existencia de relaci\u00f3n alguna entre el titular del sitio y los propietarios de dichos sitios enlazados. 6. Exenci\u00f3n de Responsabilidad El titular del sitio no se responsabiliza de los posibles errores u omisiones en los contenidos del sitio, ni de los da\u00f1os y perjuicios que puedan derivarse de la utilizaci\u00f3n de la informaci\u00f3n contenida en el sitio. Tampoco garantiza la disponibilidad y continuidad del funcionamiento del sitio web. 7. Protecci\u00f3n de Datos El tratamiento de los datos personales de los usuarios se regir\u00e1 por lo dispuesto en la\u00a0Pol\u00edtica de Privacidad, que est\u00e1 disponible en este sitio web. 8. Legislaci\u00f3n Aplicable y Jurisdicci\u00f3n Las presentes condiciones se regir\u00e1n e interpretar\u00e1n de acuerdo con la legislaci\u00f3n espa\u00f1ola. Para la resoluci\u00f3n de cualquier controversia que pudiera surgir en relaci\u00f3n con el acceso o uso del sitio web, el usuario y el titular del sitio acuerdan someterse a la jurisdicci\u00f3n de los juzgados y tribunales m\u00e1s cercanos al lugar de residencia del propietario de la web.","og_url":"https:\/\/autostar.es\/?page_id=1442","og_site_name":"auto star","article_modified_time":"2025-06-05T17:24:56+00:00","twitter_card":"summary_large_image","twitter_misc":{"Tiempo de lectura":"3 minutos"},"schema":{"@context":"https:\/\/schema.org","@graph":[{"@type":"WebPage","@id":"https:\/\/autostar.es\/?page_id=1442","url":"https:\/\/autostar.es\/?page_id=1442","name":"Aviso Legal - auto star","isPartOf":{"@id":"https:\/\/autostar.es\/#website"},"datePublished":"2025-06-05T17:20:17+00:00","dateModified":"2025-06-05T17:24:56+00:00","breadcrumb":{"@id":"https:\/\/autostar.es\/?page_id=1442#breadcrumb"},"inLanguage":"es","potentialAction":[{"@type":"ReadAction","target":["https:\/\/autostar.es\/?page_id=1442"]}]},{"@type":"BreadcrumbList","@id":"https:\/\/autostar.es\/?page_id=1442#breadcrumb","itemListElement":[{"@type":"ListItem","position":1,"name":"Portada","item":"https:\/\/autostar.es\/"},{"@type":"ListItem","position":2,"name":"Aviso Legal"}]},{"@type":"WebSite","@id":"https:\/\/autostar.es\/#website","url":"https:\/\/autostar.es\/","name":"auto star","description":"","potentialAction":[{"@type":"SearchAction","target":{"@type":"EntryPoint","urlTemplate":"https:\/\/autostar.es\/?s={search_term_string}"},"query-input":{"@type":"PropertyValueSpecification","valueRequired":true,"valueName":"search_term_string"}}],"inLanguage":"es"}]}},"_links":{"self":[{"href":"https:\/\/autostar.es\/index.php?rest_route=\/wp\/v2\/pages\/1442","targetHints":{"allow":["GET"]}}],"collection":[{"href":"https:\/\/autostar.es\/index.php?rest_route=\/wp\/v2\/pages"}],"about":[{"href":"https:\/\/autostar.es\/index.php?rest_route=\/wp\/v2\/types\/page"}],"author":[{"embeddable":true,"href":"https:\/\/autostar.es\/index.php?rest_route=\/wp\/v2\/users\/1"}],"replies":[{"embeddable":true,"href":"https:\/\/autostar.es\/index.php?rest_route=%2Fwp%2Fv2%2Fcomments&post=1442"}],"version-history":[{"count":4,"href":"https:\/\/autostar.es\/index.php?rest_route=\/wp\/v2\/pages\/1442\/revisions"}],"predecessor-version":[{"id":1448,"href":"https:\/\/autostar.es\/index.php?rest_route=\/wp\/v2\/pages\/1442\/revisions\/1448"}],"wp:attachment":[{"href":"https:\/\/autostar.es\/index.php?rest_route=%2Fwp%2Fv2%2Fmedia&parent=1442"}],"curies":[{"name":"wp","href":"https:\/\/api.w.org\/{rel}","templated":true}]}}