{"id":1435,"date":"2025-06-05T17:07:58","date_gmt":"2025-06-05T17:07:58","guid":{"rendered":"https:\/\/autostar.es\/?page_id=1435"},"modified":"2025-06-05T17:19:12","modified_gmt":"2025-06-05T17:19:12","slug":"politica-de-privacidad","status":"publish","type":"page","link":"https:\/\/autostar.es\/?page_id=1435","title":{"rendered":"Pol\u00edtica de privacidad"},"content":{"rendered":"\t\t<div data-elementor-type=\"wp-page\" data-elementor-id=\"1435\" class=\"elementor elementor-1435\" data-elementor-post-type=\"page\">\n\t\t\t\t<div class=\"elementor-element elementor-element-c677b3a e-flex e-con-boxed wpr-particle-no wpr-jarallax-no wpr-parallax-no wpr-sticky-section-no e-con e-parent\" data-id=\"c677b3a\" data-element_type=\"container\" data-e-type=\"container\">\n\t\t\t\t\t<div class=\"e-con-inner\">\n\t\t\t\t<div class=\"elementor-element elementor-element-55b9bcc elementor-widget elementor-widget-text-editor\" data-id=\"55b9bcc\" data-element_type=\"widget\" data-e-type=\"widget\" data-widget_type=\"text-editor.default\">\n\t\t\t\t<div class=\"elementor-widget-container\">\n\t\t\t\t\t\t\t\t\t<p><strong>Pol\u00edtica de Privacidad<\/strong><\/p><p>En cumplimiento del Reglamento (UE) 2016\/679 del Parlamento Europeo y del Consejo, de 27 de abril de 2016 (RGPD), y la Ley Org\u00e1nica 3\/2018, de 5 de diciembre, de Protecci\u00f3n de Datos Personales y Garant\u00eda de los Derechos Digitales, esta Pol\u00edtica de Privacidad describe c\u00f3mo se recopilan, usan y protegen los datos personales de los usuarios en el sitio web de AutoStar.<\/p><p><strong>1. Responsable del Tratamiento<\/strong><br \/>El responsable del tratamiento de los datos personales es Jose Antonio Villanueva Quesada.<br \/>Correo electr\u00f3nico: <span class=\"qu\" tabindex=\"-1\" role=\"gridcell\" translate=\"no\"><span class=\"go\">josmoravil@gmail.com<\/span><\/span><\/p><p><strong>2. Datos Recopilados<\/strong><br \/>Los datos personales que se recopilan a trav\u00e9s de este sitio web son:<\/p><p>Nombre<br \/>Apellidos<br \/>Correo electr\u00f3nico<br \/>Tel\u00e9fono<\/p><p><strong>3. Finalidad del Tratamiento<\/strong><br \/>Los datos personales proporcionados ser\u00e1n utilizados para:<\/p><p>Ponernos en contacto con los clientes.<br \/>Gestionar los servicios contratados por los clientes.<br \/>Responder a consultas y solicitudes realizadas a trav\u00e9s del formulario de contacto.<\/p><p><strong>4. Base Legal del Tratamiento<\/strong><br \/>El tratamiento de los datos personales se realiza con base en el consentimiento expl\u00edcito otorgado por el usuario al completar el formulario de contacto y aceptar esta Pol\u00edtica de Privacidad. Adem\u00e1s, la gesti\u00f3n de servicios se basa en la ejecuci\u00f3n de un contrato formalizado fuera de la web.<\/p><p><strong>5. Comunicaci\u00f3n de Datos a Terceros<\/strong><br \/>Los datos personales podr\u00e1n ser comunicados a terceros exclusivamente para:<\/p><p>La contrataci\u00f3n de servicios de hosting y dominio, necesarios para el desarrollo y mantenimiento del sitio web.<br \/>Estos terceros est\u00e1n obligados a garantizar la seguridad y confidencialidad de los datos personales en conformidad con la normativa aplicable.<\/p><p><strong>6. Conservaci\u00f3n de los Datos<\/strong><br \/>Los datos personales se conservar\u00e1n durante el tiempo necesario para cumplir con la finalidad para la que fueron recabados y mientras exista una relaci\u00f3n contractual o hasta que el usuario solicite su supresi\u00f3n. Posteriormente, los datos se mantendr\u00e1n bloqueados durante el tiempo requerido por la normativa aplicable para atender posibles responsabilidades.<\/p><p><strong>7. Derechos de los Usuarios<\/strong><br \/><strong>Los usuarios tienen derecho a:<\/strong><\/p><p>Acceder a sus datos personales.<br \/>Rectificar datos inexactos o incompletos.<br \/>Solicitar la supresi\u00f3n de sus datos cuando ya no sean necesarios para los fines recogidos.<br \/>Limitar el tratamiento de sus datos en determinadas circunstancias.<br \/>Oponerse al tratamiento de sus datos.<br \/>Solicitar la portabilidad de sus datos.<br \/>Para ejercer estos derechos, los usuarios pueden enviar una solicitud a trav\u00e9s del correo electr\u00f3nico <span class=\"qu\" tabindex=\"-1\" role=\"gridcell\" translate=\"no\"><span class=\"go\">josmoravil@gmail.com<\/span><\/span><\/p><p>Tambi\u00e9n tienen derecho a presentar una reclamaci\u00f3n ante la Agencia Espa\u00f1ola de Protecci\u00f3n de Datos (AEPD) en caso de considerar vulnerados sus derechos.<\/p><p><strong>8. Seguridad de los Datos<\/strong><br \/>Se aplican las medidas t\u00e9cnicas y organizativas adecuadas para proteger los datos personales contra el acceso no autorizado, alteraci\u00f3n, divulgaci\u00f3n o destrucci\u00f3n.<\/p><p><strong>9. Uso de Cookies<\/strong><br \/>Este sitio web puede utilizar cookies para mejorar la experiencia del usuario. La informaci\u00f3n detallada sobre el uso de cookies se encuentra en nuestra Pol\u00edtica de Cookies.<\/p>\t\t\t\t\t\t\t\t<\/div>\n\t\t\t\t<\/div>\n\t\t\t\t\t<\/div>\n\t\t\t\t<\/div>\n\t\t\t\t<\/div>\n\t\t","protected":false},"excerpt":{"rendered":"<p>Pol\u00edtica de Privacidad En cumplimiento del Reglamento (UE) 2016\/679 del Parlamento Europeo y del Consejo, de 27 de abril de 2016 (RGPD), y la Ley Org\u00e1nica 3\/2018, de 5 de diciembre, de Protecci\u00f3n de Datos Personales y Garant\u00eda de los Derechos Digitales, esta Pol\u00edtica de Privacidad describe c\u00f3mo se recopilan, usan y protegen los datos personales de los usuarios en el sitio web de AutoStar. 1. Responsable del TratamientoEl responsable del tratamiento de los datos personales es Jose Antonio Villanueva Quesada.Correo electr\u00f3nico: josmoravil@gmail.com 2. Datos RecopiladosLos datos personales que se recopilan a trav\u00e9s de este sitio web son: NombreApellidosCorreo electr\u00f3nicoTel\u00e9fono 3. Finalidad del TratamientoLos datos personales proporcionados ser\u00e1n utilizados para: Ponernos en contacto con los clientes.Gestionar los servicios contratados por los clientes.Responder a consultas y solicitudes realizadas a trav\u00e9s del formulario de contacto. 4. Base Legal del TratamientoEl tratamiento de los datos personales se realiza con base en el consentimiento expl\u00edcito otorgado por el usuario al completar el formulario de contacto y aceptar esta Pol\u00edtica de Privacidad. Adem\u00e1s, la gesti\u00f3n de servicios se basa en la ejecuci\u00f3n de un contrato formalizado fuera de la web. 5. Comunicaci\u00f3n de Datos a TercerosLos datos personales podr\u00e1n ser comunicados a terceros exclusivamente para: La contrataci\u00f3n de servicios de hosting y dominio, necesarios para el desarrollo y mantenimiento del sitio web.Estos terceros est\u00e1n obligados a garantizar la seguridad y confidencialidad de los datos personales en conformidad con la normativa aplicable. 6. Conservaci\u00f3n de los DatosLos datos personales se conservar\u00e1n durante el tiempo necesario para cumplir con la finalidad para la que fueron recabados y mientras exista una relaci\u00f3n contractual o hasta que el usuario solicite su supresi\u00f3n. Posteriormente, los datos se mantendr\u00e1n bloqueados durante el tiempo requerido por la normativa aplicable para atender posibles responsabilidades. 7. Derechos de los UsuariosLos usuarios tienen derecho a: Acceder a sus datos personales.Rectificar datos inexactos o incompletos.Solicitar la supresi\u00f3n de sus datos cuando ya no sean necesarios para los fines recogidos.Limitar el tratamiento de sus datos en determinadas circunstancias.Oponerse al tratamiento de sus datos.Solicitar la portabilidad de sus datos.Para ejercer estos derechos, los usuarios pueden enviar una solicitud a trav\u00e9s del correo electr\u00f3nico josmoravil@gmail.com Tambi\u00e9n tienen derecho a presentar una reclamaci\u00f3n ante la Agencia Espa\u00f1ola de Protecci\u00f3n de Datos (AEPD) en caso de considerar vulnerados sus derechos. 8. Seguridad de los DatosSe aplican las medidas t\u00e9cnicas y organizativas adecuadas para proteger los datos personales contra el acceso no autorizado, alteraci\u00f3n, divulgaci\u00f3n o destrucci\u00f3n. 9. Uso de CookiesEste sitio web puede utilizar cookies para mejorar la experiencia del usuario. La informaci\u00f3n detallada sobre el uso de cookies se encuentra en nuestra Pol\u00edtica de Cookies.<\/p>\n","protected":false},"author":1,"featured_media":0,"parent":0,"menu_order":0,"comment_status":"closed","ping_status":"closed","template":"","meta":{"footnotes":""},"class_list":["post-1435","page","type-page","status-publish","hentry"],"yoast_head":"<!-- This site is optimized with the Yoast SEO plugin v26.1 - https:\/\/yoast.com\/wordpress\/plugins\/seo\/ -->\n<title>Pol\u00edtica de privacidad - auto star<\/title>\n<meta name=\"robots\" content=\"noindex, follow, max-snippet:-1, max-image-preview:large, max-video-preview:-1\" \/>\n<meta property=\"og:locale\" content=\"es_ES\" \/>\n<meta property=\"og:type\" content=\"article\" \/>\n<meta property=\"og:title\" content=\"Pol\u00edtica de privacidad - auto star\" \/>\n<meta property=\"og:description\" content=\"Pol\u00edtica de Privacidad En cumplimiento del Reglamento (UE) 2016\/679 del Parlamento Europeo y del Consejo, de 27 de abril de 2016 (RGPD), y la Ley Org\u00e1nica 3\/2018, de 5 de diciembre, de Protecci\u00f3n de Datos Personales y Garant\u00eda de los Derechos Digitales, esta Pol\u00edtica de Privacidad describe c\u00f3mo se recopilan, usan y protegen los datos personales de los usuarios en el sitio web de AutoStar. 1. Responsable del TratamientoEl responsable del tratamiento de los datos personales es Jose Antonio Villanueva Quesada.Correo electr\u00f3nico: josmoravil@gmail.com 2. Datos RecopiladosLos datos personales que se recopilan a trav\u00e9s de este sitio web son: NombreApellidosCorreo electr\u00f3nicoTel\u00e9fono 3. Finalidad del TratamientoLos datos personales proporcionados ser\u00e1n utilizados para: Ponernos en contacto con los clientes.Gestionar los servicios contratados por los clientes.Responder a consultas y solicitudes realizadas a trav\u00e9s del formulario de contacto. 4. Base Legal del TratamientoEl tratamiento de los datos personales se realiza con base en el consentimiento expl\u00edcito otorgado por el usuario al completar el formulario de contacto y aceptar esta Pol\u00edtica de Privacidad. Adem\u00e1s, la gesti\u00f3n de servicios se basa en la ejecuci\u00f3n de un contrato formalizado fuera de la web. 5. Comunicaci\u00f3n de Datos a TercerosLos datos personales podr\u00e1n ser comunicados a terceros exclusivamente para: La contrataci\u00f3n de servicios de hosting y dominio, necesarios para el desarrollo y mantenimiento del sitio web.Estos terceros est\u00e1n obligados a garantizar la seguridad y confidencialidad de los datos personales en conformidad con la normativa aplicable. 6. Conservaci\u00f3n de los DatosLos datos personales se conservar\u00e1n durante el tiempo necesario para cumplir con la finalidad para la que fueron recabados y mientras exista una relaci\u00f3n contractual o hasta que el usuario solicite su supresi\u00f3n. Posteriormente, los datos se mantendr\u00e1n bloqueados durante el tiempo requerido por la normativa aplicable para atender posibles responsabilidades. 7. Derechos de los UsuariosLos usuarios tienen derecho a: Acceder a sus datos personales.Rectificar datos inexactos o incompletos.Solicitar la supresi\u00f3n de sus datos cuando ya no sean necesarios para los fines recogidos.Limitar el tratamiento de sus datos en determinadas circunstancias.Oponerse al tratamiento de sus datos.Solicitar la portabilidad de sus datos.Para ejercer estos derechos, los usuarios pueden enviar una solicitud a trav\u00e9s del correo electr\u00f3nico josmoravil@gmail.com Tambi\u00e9n tienen derecho a presentar una reclamaci\u00f3n ante la Agencia Espa\u00f1ola de Protecci\u00f3n de Datos (AEPD) en caso de considerar vulnerados sus derechos. 8. Seguridad de los DatosSe aplican las medidas t\u00e9cnicas y organizativas adecuadas para proteger los datos personales contra el acceso no autorizado, alteraci\u00f3n, divulgaci\u00f3n o destrucci\u00f3n. 9. Uso de CookiesEste sitio web puede utilizar cookies para mejorar la experiencia del usuario. La informaci\u00f3n detallada sobre el uso de cookies se encuentra en nuestra Pol\u00edtica de Cookies.\" \/>\n<meta property=\"og:url\" content=\"https:\/\/autostar.es\/?page_id=1435\" \/>\n<meta property=\"og:site_name\" content=\"auto star\" \/>\n<meta property=\"article:modified_time\" content=\"2025-06-05T17:19:12+00:00\" \/>\n<meta name=\"twitter:card\" content=\"summary_large_image\" \/>\n<meta name=\"twitter:label1\" content=\"Tiempo de lectura\" \/>\n\t<meta name=\"twitter:data1\" content=\"3 minutos\" \/>\n<script type=\"application\/ld+json\" class=\"yoast-schema-graph\">{\"@context\":\"https:\/\/schema.org\",\"@graph\":[{\"@type\":\"WebPage\",\"@id\":\"https:\/\/autostar.es\/?page_id=1435\",\"url\":\"https:\/\/autostar.es\/?page_id=1435\",\"name\":\"Pol\u00edtica de privacidad - auto star\",\"isPartOf\":{\"@id\":\"https:\/\/autostar.es\/#website\"},\"datePublished\":\"2025-06-05T17:07:58+00:00\",\"dateModified\":\"2025-06-05T17:19:12+00:00\",\"breadcrumb\":{\"@id\":\"https:\/\/autostar.es\/?page_id=1435#breadcrumb\"},\"inLanguage\":\"es\",\"potentialAction\":[{\"@type\":\"ReadAction\",\"target\":[\"https:\/\/autostar.es\/?page_id=1435\"]}]},{\"@type\":\"BreadcrumbList\",\"@id\":\"https:\/\/autostar.es\/?page_id=1435#breadcrumb\",\"itemListElement\":[{\"@type\":\"ListItem\",\"position\":1,\"name\":\"Portada\",\"item\":\"https:\/\/autostar.es\/\"},{\"@type\":\"ListItem\",\"position\":2,\"name\":\"Pol\u00edtica de privacidad\"}]},{\"@type\":\"WebSite\",\"@id\":\"https:\/\/autostar.es\/#website\",\"url\":\"https:\/\/autostar.es\/\",\"name\":\"auto star\",\"description\":\"\",\"potentialAction\":[{\"@type\":\"SearchAction\",\"target\":{\"@type\":\"EntryPoint\",\"urlTemplate\":\"https:\/\/autostar.es\/?s={search_term_string}\"},\"query-input\":{\"@type\":\"PropertyValueSpecification\",\"valueRequired\":true,\"valueName\":\"search_term_string\"}}],\"inLanguage\":\"es\"}]}<\/script>\n<!-- \/ Yoast SEO plugin. -->","yoast_head_json":{"title":"Pol\u00edtica de privacidad - auto star","robots":{"index":"noindex","follow":"follow","max-snippet":"max-snippet:-1","max-image-preview":"max-image-preview:large","max-video-preview":"max-video-preview:-1"},"og_locale":"es_ES","og_type":"article","og_title":"Pol\u00edtica de privacidad - auto star","og_description":"Pol\u00edtica de Privacidad En cumplimiento del Reglamento (UE) 2016\/679 del Parlamento Europeo y del Consejo, de 27 de abril de 2016 (RGPD), y la Ley Org\u00e1nica 3\/2018, de 5 de diciembre, de Protecci\u00f3n de Datos Personales y Garant\u00eda de los Derechos Digitales, esta Pol\u00edtica de Privacidad describe c\u00f3mo se recopilan, usan y protegen los datos personales de los usuarios en el sitio web de AutoStar. 1. Responsable del TratamientoEl responsable del tratamiento de los datos personales es Jose Antonio Villanueva Quesada.Correo electr\u00f3nico: josmoravil@gmail.com 2. Datos RecopiladosLos datos personales que se recopilan a trav\u00e9s de este sitio web son: NombreApellidosCorreo electr\u00f3nicoTel\u00e9fono 3. Finalidad del TratamientoLos datos personales proporcionados ser\u00e1n utilizados para: Ponernos en contacto con los clientes.Gestionar los servicios contratados por los clientes.Responder a consultas y solicitudes realizadas a trav\u00e9s del formulario de contacto. 4. Base Legal del TratamientoEl tratamiento de los datos personales se realiza con base en el consentimiento expl\u00edcito otorgado por el usuario al completar el formulario de contacto y aceptar esta Pol\u00edtica de Privacidad. Adem\u00e1s, la gesti\u00f3n de servicios se basa en la ejecuci\u00f3n de un contrato formalizado fuera de la web. 5. Comunicaci\u00f3n de Datos a TercerosLos datos personales podr\u00e1n ser comunicados a terceros exclusivamente para: La contrataci\u00f3n de servicios de hosting y dominio, necesarios para el desarrollo y mantenimiento del sitio web.Estos terceros est\u00e1n obligados a garantizar la seguridad y confidencialidad de los datos personales en conformidad con la normativa aplicable. 6. Conservaci\u00f3n de los DatosLos datos personales se conservar\u00e1n durante el tiempo necesario para cumplir con la finalidad para la que fueron recabados y mientras exista una relaci\u00f3n contractual o hasta que el usuario solicite su supresi\u00f3n. Posteriormente, los datos se mantendr\u00e1n bloqueados durante el tiempo requerido por la normativa aplicable para atender posibles responsabilidades. 7. Derechos de los UsuariosLos usuarios tienen derecho a: Acceder a sus datos personales.Rectificar datos inexactos o incompletos.Solicitar la supresi\u00f3n de sus datos cuando ya no sean necesarios para los fines recogidos.Limitar el tratamiento de sus datos en determinadas circunstancias.Oponerse al tratamiento de sus datos.Solicitar la portabilidad de sus datos.Para ejercer estos derechos, los usuarios pueden enviar una solicitud a trav\u00e9s del correo electr\u00f3nico josmoravil@gmail.com Tambi\u00e9n tienen derecho a presentar una reclamaci\u00f3n ante la Agencia Espa\u00f1ola de Protecci\u00f3n de Datos (AEPD) en caso de considerar vulnerados sus derechos. 8. Seguridad de los DatosSe aplican las medidas t\u00e9cnicas y organizativas adecuadas para proteger los datos personales contra el acceso no autorizado, alteraci\u00f3n, divulgaci\u00f3n o destrucci\u00f3n. 9. Uso de CookiesEste sitio web puede utilizar cookies para mejorar la experiencia del usuario. La informaci\u00f3n detallada sobre el uso de cookies se encuentra en nuestra Pol\u00edtica de Cookies.","og_url":"https:\/\/autostar.es\/?page_id=1435","og_site_name":"auto star","article_modified_time":"2025-06-05T17:19:12+00:00","twitter_card":"summary_large_image","twitter_misc":{"Tiempo de lectura":"3 minutos"},"schema":{"@context":"https:\/\/schema.org","@graph":[{"@type":"WebPage","@id":"https:\/\/autostar.es\/?page_id=1435","url":"https:\/\/autostar.es\/?page_id=1435","name":"Pol\u00edtica de privacidad - auto star","isPartOf":{"@id":"https:\/\/autostar.es\/#website"},"datePublished":"2025-06-05T17:07:58+00:00","dateModified":"2025-06-05T17:19:12+00:00","breadcrumb":{"@id":"https:\/\/autostar.es\/?page_id=1435#breadcrumb"},"inLanguage":"es","potentialAction":[{"@type":"ReadAction","target":["https:\/\/autostar.es\/?page_id=1435"]}]},{"@type":"BreadcrumbList","@id":"https:\/\/autostar.es\/?page_id=1435#breadcrumb","itemListElement":[{"@type":"ListItem","position":1,"name":"Portada","item":"https:\/\/autostar.es\/"},{"@type":"ListItem","position":2,"name":"Pol\u00edtica de privacidad"}]},{"@type":"WebSite","@id":"https:\/\/autostar.es\/#website","url":"https:\/\/autostar.es\/","name":"auto star","description":"","potentialAction":[{"@type":"SearchAction","target":{"@type":"EntryPoint","urlTemplate":"https:\/\/autostar.es\/?s={search_term_string}"},"query-input":{"@type":"PropertyValueSpecification","valueRequired":true,"valueName":"search_term_string"}}],"inLanguage":"es"}]}},"_links":{"self":[{"href":"https:\/\/autostar.es\/index.php?rest_route=\/wp\/v2\/pages\/1435","targetHints":{"allow":["GET"]}}],"collection":[{"href":"https:\/\/autostar.es\/index.php?rest_route=\/wp\/v2\/pages"}],"about":[{"href":"https:\/\/autostar.es\/index.php?rest_route=\/wp\/v2\/types\/page"}],"author":[{"embeddable":true,"href":"https:\/\/autostar.es\/index.php?rest_route=\/wp\/v2\/users\/1"}],"replies":[{"embeddable":true,"href":"https:\/\/autostar.es\/index.php?rest_route=%2Fwp%2Fv2%2Fcomments&post=1435"}],"version-history":[{"count":4,"href":"https:\/\/autostar.es\/index.php?rest_route=\/wp\/v2\/pages\/1435\/revisions"}],"predecessor-version":[{"id":1441,"href":"https:\/\/autostar.es\/index.php?rest_route=\/wp\/v2\/pages\/1435\/revisions\/1441"}],"wp:attachment":[{"href":"https:\/\/autostar.es\/index.php?rest_route=%2Fwp%2Fv2%2Fmedia&parent=1435"}],"curies":[{"name":"wp","href":"https:\/\/api.w.org\/{rel}","templated":true}]}}